{"id":1136,"date":"2021-09-19T15:40:25","date_gmt":"2021-09-19T15:40:25","guid":{"rendered":"https:\/\/www.heracleslimousines.fr\/?page_id=1136"},"modified":"2025-02-26T15:35:34","modified_gmt":"2025-02-26T15:35:34","slug":"contact-heracles-limousines","status":"publish","type":"page","link":"https:\/\/www.heracleslimousines.fr\/en\/contact-heracles-limousines\/","title":{"rendered":"Contact"},"content":{"rendered":"<div data-elementor-type=\"wp-page\" data-elementor-id=\"1136\" class=\"elementor elementor-1136\" data-elementor-post-type=\"page\">\n\t\t\t\t\t\t<section class=\"elementor-section elementor-top-section elementor-element elementor-element-7d1e606 elementor-section-height-min-height elementor-section-boxed elementor-section-height-default elementor-section-items-middle\" data-id=\"7d1e606\" data-element_type=\"section\" data-e-type=\"section\" data-settings=\"{&quot;background_background&quot;:&quot;classic&quot;}\">\n\t\t\t\t\t\t\t<div class=\"elementor-background-overlay\"><\/div>\n\t\t\t\t\t\t\t<div class=\"elementor-container elementor-column-gap-default\">\n\t\t\t\t\t<div class=\"elementor-column elementor-col-50 elementor-top-column elementor-element elementor-element-5856e995\" data-id=\"5856e995\" data-element_type=\"column\" data-e-type=\"column\">\n\t\t\t<div class=\"elementor-widget-wrap elementor-element-populated\">\n\t\t\t\t\t\t<div class=\"elementor-element elementor-element-6f68dd2 elementor-widget elementor-widget-text-editor\" data-id=\"6f68dd2\" data-element_type=\"widget\" data-e-type=\"widget\" data-widget_type=\"text-editor.default\">\n\t\t\t\t<div class=\"elementor-widget-container\">\n\t\t\t\t\t\t\t\t\t<p>Contact Us<\/p>\t\t\t\t\t\t\t\t<\/div>\n\t\t\t\t<\/div>\n\t\t\t\t<div class=\"elementor-element elementor-element-2eb603cc elementor-widget__width-initial elementor-widget elementor-widget-text-editor\" data-id=\"2eb603cc\" data-element_type=\"widget\" data-e-type=\"widget\" data-widget_type=\"text-editor.default\">\n\t\t\t\t<div class=\"elementor-widget-container\">\n\t\t\t\t\t\t\t\t\t<p>The Heracles Limousines team is responsive and we respond within 24 hours maximum.\u00a0<\/p>\t\t\t\t\t\t\t\t<\/div>\n\t\t\t\t<\/div>\n\t\t\t\t<div class=\"elementor-element elementor-element-54da180 elementor-tablet-align-center elementor-icon-list--layout-traditional elementor-list-item-link-full_width elementor-widget elementor-widget-icon-list\" data-id=\"54da180\" data-element_type=\"widget\" data-e-type=\"widget\" data-widget_type=\"icon-list.default\">\n\t\t\t\t<div class=\"elementor-widget-container\">\n\t\t\t\t\t\t\t<ul class=\"elementor-icon-list-items\">\n\t\t\t\t\t\t\t<li class=\"elementor-icon-list-item\">\n\t\t\t\t\t\t\t\t\t\t\t<a href=\"https:\/\/maps.app.goo.gl\/i7C4dWzLh9ce6qGh9\" target=\"_blank\">\n\n\t\t\t\t\t\t\t\t\t\t\t\t<span class=\"elementor-icon-list-icon\">\n\t\t\t\t\t\t\t<i aria-hidden=\"true\" class=\"fas fa-map-marker-alt\"><\/i>\t\t\t\t\t\t<\/span>\n\t\t\t\t\t\t\t\t\t\t<span class=\"elementor-icon-list-text\"> 49 street Ponthieu, 75008 Paris<\/span>\n\t\t\t\t\t\t\t\t\t\t\t<\/a>\n\t\t\t\t\t\t\t\t\t<\/li>\n\t\t\t\t\t\t\t\t<li class=\"elementor-icon-list-item\">\n\t\t\t\t\t\t\t\t\t\t\t<a href=\"mailto:contact@heracleslimousines.fr\">\n\n\t\t\t\t\t\t\t\t\t\t\t\t<span class=\"elementor-icon-list-icon\">\n\t\t\t\t\t\t\t<i aria-hidden=\"true\" class=\"fas fa-envelope\"><\/i>\t\t\t\t\t\t<\/span>\n\t\t\t\t\t\t\t\t\t\t<span class=\"elementor-icon-list-text\">contact@heracleslimousines.fr<\/span>\n\t\t\t\t\t\t\t\t\t\t\t<\/a>\n\t\t\t\t\t\t\t\t\t<\/li>\n\t\t\t\t\t\t\t\t<li class=\"elementor-icon-list-item\">\n\t\t\t\t\t\t\t\t\t\t\t<a href=\"tel:%20%200617761719\">\n\n\t\t\t\t\t\t\t\t\t\t\t\t<span class=\"elementor-icon-list-icon\">\n\t\t\t\t\t\t\t<i aria-hidden=\"true\" class=\"fas fa-phone-alt\"><\/i>\t\t\t\t\t\t<\/span>\n\t\t\t\t\t\t\t\t\t\t<span class=\"elementor-icon-list-text\"> 06-17-76-17-19<\/span>\n\t\t\t\t\t\t\t\t\t\t\t<\/a>\n\t\t\t\t\t\t\t\t\t<\/li>\n\t\t\t\t\t\t\t\t<li class=\"elementor-icon-list-item\">\n\t\t\t\t\t\t\t\t\t\t\t<a href=\"tel:%200182836676\">\n\n\t\t\t\t\t\t\t\t\t\t\t\t<span class=\"elementor-icon-list-icon\">\n\t\t\t\t\t\t\t<i aria-hidden=\"true\" class=\"fas fa-fax\"><\/i>\t\t\t\t\t\t<\/span>\n\t\t\t\t\t\t\t\t\t\t<span class=\"elementor-icon-list-text\"> 01-82-83-66-76<\/span>\n\t\t\t\t\t\t\t\t\t\t\t<\/a>\n\t\t\t\t\t\t\t\t\t<\/li>\n\t\t\t\t\t\t<\/ul>\n\t\t\t\t\t\t<\/div>\n\t\t\t\t<\/div>\n\t\t\t\t\t<\/div>\n\t\t<\/div>\n\t\t\t\t<div class=\"elementor-column elementor-col-50 elementor-top-column elementor-element elementor-element-23ee67e9\" data-id=\"23ee67e9\" data-element_type=\"column\" data-e-type=\"column\" data-settings=\"{&quot;background_background&quot;:&quot;classic&quot;}\">\n\t\t\t<div class=\"elementor-widget-wrap elementor-element-populated\">\n\t\t\t\t\t\t<div class=\"elementor-element elementor-element-cc11961 elementor-widget elementor-widget-wpforms\" data-id=\"cc11961\" data-element_type=\"widget\" data-e-type=\"widget\" data-widget_type=\"wpforms.default\">\n\t\t\t\t<div class=\"elementor-widget-container\">\n\t\t\t\t\t<style id=\"wpforms-css-vars-root\">\n\t\t\t\t:root {\n\t\t\t\t\t--wpforms-field-border-radius: 3px;\n--wpforms-field-border-style: solid;\n--wpforms-field-border-size: 1px;\n--wpforms-field-background-color: #ffffff;\n--wpforms-field-border-color: rgba( 0, 0, 0, 0.25 );\n--wpforms-field-border-color-spare: rgba( 0, 0, 0, 0.25 );\n--wpforms-field-text-color: rgba( 0, 0, 0, 0.7 );\n--wpforms-field-menu-color: #ffffff;\n--wpforms-label-color: rgba( 0, 0, 0, 0.85 );\n--wpforms-label-sublabel-color: rgba( 0, 0, 0, 0.55 );\n--wpforms-label-error-color: #d63637;\n--wpforms-button-border-radius: 3px;\n--wpforms-button-border-style: none;\n--wpforms-button-border-size: 1px;\n--wpforms-button-background-color: #066aab;\n--wpforms-button-border-color: #066aab;\n--wpforms-button-text-color: #ffffff;\n--wpforms-page-break-color: #066aab;\n--wpforms-background-image: none;\n--wpforms-background-position: center center;\n--wpforms-background-repeat: no-repeat;\n--wpforms-background-size: cover;\n--wpforms-background-width: 100px;\n--wpforms-background-height: 100px;\n--wpforms-background-color: rgba( 0, 0, 0, 0 );\n--wpforms-background-url: none;\n--wpforms-container-padding: 0px;\n--wpforms-container-border-style: none;\n--wpforms-container-border-width: 1px;\n--wpforms-container-border-color: #000000;\n--wpforms-container-border-radius: 3px;\n--wpforms-field-size-input-height: 43px;\n--wpforms-field-size-input-spacing: 15px;\n--wpforms-field-size-font-size: 16px;\n--wpforms-field-size-line-height: 19px;\n--wpforms-field-size-padding-h: 14px;\n--wpforms-field-size-checkbox-size: 16px;\n--wpforms-field-size-sublabel-spacing: 5px;\n--wpforms-field-size-icon-size: 1;\n--wpforms-label-size-font-size: 16px;\n--wpforms-label-size-line-height: 19px;\n--wpforms-label-size-sublabel-font-size: 14px;\n--wpforms-label-size-sublabel-line-height: 17px;\n--wpforms-button-size-font-size: 17px;\n--wpforms-button-size-height: 41px;\n--wpforms-button-size-padding-h: 15px;\n--wpforms-button-size-margin-top: 10px;\n--wpforms-container-shadow-size-box-shadow: none;\n\n\t\t\t\t}\n\t\t\t<\/style><style id=\"wpforms-css-vars-elementor-widget-cc11961\">\n\t\t\t\t.elementor-widget-wpforms.elementor-element-cc11961 {\n\t\t\t\t\t--wpforms-field-size-input-height: 43px;\n--wpforms-field-size-input-spacing: 15px;\n--wpforms-field-size-font-size: 16px;\n--wpforms-field-size-line-height: 19px;\n--wpforms-field-size-padding-h: 14px;\n--wpforms-field-size-checkbox-size: 16px;\n--wpforms-field-size-sublabel-spacing: 5px;\n--wpforms-field-size-icon-size: 1;\n--wpforms-label-size-font-size: 16px;\n--wpforms-label-size-line-height: 19px;\n--wpforms-label-size-sublabel-font-size: 14px;\n--wpforms-label-size-sublabel-line-height: 17px;\n--wpforms-button-size-font-size: 17px;\n--wpforms-button-size-height: 41px;\n--wpforms-button-size-padding-h: 15px;\n--wpforms-button-size-margin-top: 10px;\n\n\t\t\t\t}\n\t\t\t<\/style><div class=\"wpforms-container wpforms-container-full wpforms-render-modern\" id=\"wpforms-2537\"><form id=\"wpforms-form-2537\" class=\"wpforms-validate wpforms-form wpforms-ajax-form\" data-formid=\"2537\" method=\"post\" enctype=\"multipart\/form-data\" action=\"\/en\/wp-json\/wp\/v2\/pages\/1136\" data-token=\"73b5afb82d2897d685e87b6d958860ca\" data-token-time=\"1777466284\" data-trp-original-action=\"\/en\/wp-json\/wp\/v2\/pages\/1136\"><noscript class=\"wpforms-error-noscript\">Please enable JavaScript in your browser to complete this form.<\/noscript><div class=\"wpforms-hidden\" id=\"wpforms-error-noscript\">Please enable JavaScript in your browser to complete this form.<\/div><div class=\"wpforms-field-container\"><div id=\"wpforms-2537-field_3-container\" class=\"wpforms-field wpforms-field-layout\" data-field-id=\"3\"><label class=\"wpforms-field-label wpforms-label-hide\" aria-hidden=\"false\">Layout<\/label><div class=\"wpforms-field-layout-rows\"><div class=\"wpforms-layout-row\"><div class=\"wpforms-layout-column wpforms-layout-column-50\"><div id=\"wpforms-2537-field_0-container\" class=\"wpforms-field wpforms-field-name\" data-field-id=\"0\"><label class=\"wpforms-field-label\" for=\"wpforms-2537-field_0\">Name <span class=\"wpforms-required-label\" aria-hidden=\"true\">*<\/span><\/label><input type=\"text\" id=\"wpforms-2537-field_0\" class=\"wpforms-field-medium wpforms-field-required\" name=\"wpforms[fields][0]\" aria-errormessage=\"wpforms-2537-field_0-error\" required><\/div><\/div><div class=\"wpforms-layout-column wpforms-layout-column-50\"><div id=\"wpforms-2537-field_1-container\" class=\"wpforms-field wpforms-field-email\" data-field-id=\"1\"><label class=\"wpforms-field-label\" for=\"wpforms-2537-field_1\">E-mail <span class=\"wpforms-required-label\" aria-hidden=\"true\">*<\/span><\/label><input type=\"email\" id=\"wpforms-2537-field_1\" class=\"wpforms-field-medium wpforms-field-required\" name=\"wpforms[fields][1]\" spellcheck=\"false\" aria-errormessage=\"wpforms-2537-field_1-error\" required><\/div><\/div><\/div><div class=\"wpforms-layout-row\"><div class=\"wpforms-layout-column wpforms-layout-column-50\"><div id=\"wpforms-2537-field_4-container\" class=\"wpforms-field wpforms-field-phone\" data-field-id=\"4\"><label class=\"wpforms-field-label\" for=\"wpforms-2537-field_4\">Phone <span class=\"wpforms-required-label\" aria-hidden=\"true\">*<\/span><\/label><input type=\"tel\" id=\"wpforms-2537-field_4\" class=\"wpforms-field-medium wpforms-field-required\" data-rule-int-phone-field=\"true\" name=\"wpforms[fields][4]\" aria-errormessage=\"wpforms-2537-field_4-error\" required><\/div><\/div><div class=\"wpforms-layout-column wpforms-layout-column-50\"><div id=\"wpforms-2537-field_6-container\" class=\"wpforms-field wpforms-field-select wpforms-conditional-trigger wpforms-field-select-style-classic\" data-field-id=\"6\"><label class=\"wpforms-field-label\" for=\"wpforms-2537-field_6\">Your request concerns <span class=\"wpforms-required-label\" aria-hidden=\"true\">*<\/span><\/label><select id=\"wpforms-2537-field_6\" class=\"wpforms-field-medium wpforms-field-required\" name=\"wpforms[fields][6]\" required=\"required\"><option value=\"Service conciergerie\" >Concierge service<\/option><option value=\"Service transport\" >Transport service<\/option><option value=\"Service Billetterie\" >Ticket Service<\/option><\/select><\/div><\/div><\/div><div class=\"wpforms-layout-row\"><div class=\"wpforms-layout-column wpforms-layout-column-50\"><div id=\"wpforms-2537-field_7-container\" class=\"wpforms-field wpforms-field-select wpforms-conditional-field wpforms-conditional-show wpforms-field-select-style-classic\" data-field-id=\"7\" style=\"display:none;\"><label class=\"wpforms-field-label\" for=\"wpforms-2537-field_7\">Specify your type of service <span class=\"wpforms-required-label\" aria-hidden=\"true\">*<\/span><\/label><select id=\"wpforms-2537-field_7\" class=\"wpforms-field-medium wpforms-field-required\" name=\"wpforms[fields][7]\" required=\"required\"><option value=\"R\u00e9servation h\u00f4tel\" >Hotel booking<\/option><option value=\"R\u00e9servation restaurant\" >Restaurant reservation<\/option><option value=\"R\u00e9servation activit\u00e9s \/ Visites\" >Booking activities \/ Visits<\/option><\/select><\/div><\/div><div class=\"wpforms-layout-column wpforms-layout-column-50\"><div id=\"wpforms-2537-field_8-container\" class=\"wpforms-field wpforms-field-select wpforms-conditional-field wpforms-conditional-show wpforms-field-select-style-classic\" data-field-id=\"8\" style=\"display:none;\"><label class=\"wpforms-field-label\" for=\"wpforms-2537-field_8\">Specify your type of service <span class=\"wpforms-required-label\" aria-hidden=\"true\">*<\/span><\/label><select id=\"wpforms-2537-field_8\" class=\"wpforms-field-medium wpforms-field-required\" name=\"wpforms[fields][8]\" required=\"required\"><option value=\"R\u00e9servation transfert simple\" >Simple transfer reservation<\/option><option value=\"R\u00e9servation mise \u00e0 disposition (plusieurs heures)\" >Reservation available (several hours)<\/option><\/select><\/div><\/div><\/div><\/div><\/div><div id=\"wpforms-2537-field_5-container\" class=\"wpforms-field wpforms-field-text\" data-field-id=\"5\"><label class=\"wpforms-field-label\" for=\"wpforms-2537-field_5\">Subject <span class=\"wpforms-required-label\" aria-hidden=\"true\">*<\/span><\/label><input type=\"text\" id=\"wpforms-2537-field_5\" class=\"wpforms-field-large wpforms-field-required\" name=\"wpforms[fields][5]\" aria-errormessage=\"wpforms-2537-field_5-error\" required><\/div><div id=\"wpforms-2537-field_2-container\" class=\"wpforms-field wpforms-field-textarea\" data-field-id=\"2\"><label class=\"wpforms-field-label\" for=\"wpforms-2537-field_2\">Message <span class=\"wpforms-required-label\" aria-hidden=\"true\">*<\/span><\/label><textarea id=\"wpforms-2537-field_2\" class=\"wpforms-field-medium wpforms-field-required\" name=\"wpforms[fields][2]\" aria-errormessage=\"wpforms-2537-field_2-error\" required><\/textarea><\/div><\/div><!-- .wpforms-field-container --><div class=\"wpforms-submit-container\" ><input type=\"hidden\" name=\"wpforms[id]\" value=\"2537\"><input type=\"hidden\" name=\"page_title\" value=\"\"><input type=\"hidden\" name=\"page_url\" value=\"https:\/\/www.heracleslimousines.fr\/en\/wp-json\/wp\/v2\/pages\/1136\"><button type=\"submit\" name=\"wpforms[submit]\" id=\"wpforms-submit-2537\" class=\"wpforms-submit\" data-alt-text=\"Envoi...\" data-submit-text=\"Envoyer\" aria-live=\"assertive\" value=\"wpforms-submit\">Send<\/button><img decoding=\"async\" src=\"https:\/\/www.heracleslimousines.fr\/wp-content\/plugins\/wpforms\/assets\/images\/submit-spin.svg\" class=\"wpforms-submit-spinner\" style=\"display: none;\" width=\"26\" height=\"26\" alt=\"Loading\"><\/div><input type=\"hidden\" name=\"trp-form-language\" value=\"en\"\/><\/form><\/div>  <!-- .wpforms-container -->\t\t\t\t<\/div>\n\t\t\t\t<\/div>\n\t\t\t\t\t<\/div>\n\t\t<\/div>\n\t\t\t\t\t<\/div>\n\t\t<\/section>\n\t\t\t\t<\/div>","protected":false},"excerpt":{"rendered":"<p>Contactez-nous L&rsquo;\u00e9quipe Heracles Limousines est r\u00e9active et nous r\u00e9pondons sous 24h maximum.\u00a0 49 rue de Ponthieu, 75008 Paris contact@heracleslimousines.fr 06-17-76-17-19 01-82-83-66-76 Veuillez activer JavaScript dans votre navigateur pour remplir ce formulaire.Veuillez activer JavaScript dans votre navigateur pour remplir ce formulaire.Mise en pageNom *E-mail *T\u00e9l\u00e9phone *Votre demande concerne *Service conciergerieService transportService BilletteriePr\u00e9ciser votre type de service [&hellip;]<\/p>","protected":false},"author":1,"featured_media":0,"parent":0,"menu_order":0,"comment_status":"closed","ping_status":"closed","template":"elementor_header_footer","meta":{"footnotes":""},"class_list":["post-1136","page","type-page","status-publish","hentry"],"yoast_head":"<!-- This site is optimized with the Yoast SEO plugin v19.5.1 - https:\/\/yoast.com\/wordpress\/plugins\/seo\/ -->\n<title>Contact - HERACLES LIMOUSINES | Votre chauffeur priv\u00e9<\/title>\n<meta name=\"description\" content=\"CONTACT HERACLES LIMOUSINES - Nous vous r\u00e9pondrons sous un d\u00e9lai de 24h maximum. N\u2019h\u00e9sitez pas \u00e9galement \u00e0 nous contacter par t\u00e9l\u00e9phone.\" \/>\n<meta name=\"robots\" content=\"index, follow, max-snippet:-1, max-image-preview:large, max-video-preview:-1\" \/>\n<link rel=\"canonical\" href=\"https:\/\/www.heracleslimousines.fr\/en\/contact-heracles-limousines\/\" \/>\n<meta property=\"og:locale\" content=\"en_US\" \/>\n<meta property=\"og:type\" content=\"article\" \/>\n<meta property=\"og:title\" content=\"Contact - HERACLES LIMOUSINES | Votre chauffeur priv\u00e9\" \/>\n<meta property=\"og:description\" content=\"CONTACT HERACLES LIMOUSINES - Nous vous r\u00e9pondrons sous un d\u00e9lai de 24h maximum. N\u2019h\u00e9sitez pas \u00e9galement \u00e0 nous contacter par t\u00e9l\u00e9phone.\" \/>\n<meta property=\"og:url\" content=\"https:\/\/www.heracleslimousines.fr\/en\/contact-heracles-limousines\/\" \/>\n<meta property=\"og:site_name\" content=\"HERACLES LIMOUSINES | Votre chauffeur priv\u00e9\" \/>\n<meta property=\"article:modified_time\" content=\"2025-02-26T15:35:34+00:00\" \/>\n<meta property=\"og:image\" content=\"https:\/\/www.heracleslimousines.fr\/wp-content\/plugins\/wpforms\/assets\/images\/submit-spin.svg\" \/>\n<meta name=\"twitter:card\" content=\"summary_large_image\" \/>\n<meta name=\"twitter:label1\" content=\"Est. reading time\" \/>\n\t<meta name=\"twitter:data1\" content=\"2 minutes\" \/>\n<script type=\"application\/ld+json\" class=\"yoast-schema-graph\">{\"@context\":\"https:\/\/schema.org\",\"@graph\":[{\"@type\":\"WebPage\",\"@id\":\"https:\/\/www.heracleslimousines.fr\/contact-heracles-limousines\/\",\"url\":\"https:\/\/www.heracleslimousines.fr\/contact-heracles-limousines\/\",\"name\":\"Contact - HERACLES LIMOUSINES | Votre chauffeur priv\u00e9\",\"isPartOf\":{\"@id\":\"https:\/\/www.heracleslimousines.fr\/#website\"},\"datePublished\":\"2021-09-19T15:40:25+00:00\",\"dateModified\":\"2025-02-26T15:35:34+00:00\",\"description\":\"CONTACT HERACLES LIMOUSINES - Nous vous r\u00e9pondrons sous un d\u00e9lai de 24h maximum. N\u2019h\u00e9sitez pas \u00e9galement \u00e0 nous contacter par t\u00e9l\u00e9phone.\",\"breadcrumb\":{\"@id\":\"https:\/\/www.heracleslimousines.fr\/contact-heracles-limousines\/#breadcrumb\"},\"inLanguage\":\"en-US\",\"potentialAction\":[{\"@type\":\"ReadAction\",\"target\":[\"https:\/\/www.heracleslimousines.fr\/contact-heracles-limousines\/\"]}]},{\"@type\":\"BreadcrumbList\",\"@id\":\"https:\/\/www.heracleslimousines.fr\/contact-heracles-limousines\/#breadcrumb\",\"itemListElement\":[{\"@type\":\"ListItem\",\"position\":1,\"name\":\"Accueil\",\"item\":\"https:\/\/www.heracleslimousines.fr\/\"},{\"@type\":\"ListItem\",\"position\":2,\"name\":\"Contact\"}]},{\"@type\":\"WebSite\",\"@id\":\"https:\/\/www.heracleslimousines.fr\/#website\",\"url\":\"https:\/\/www.heracleslimousines.fr\/\",\"name\":\"HERACLES LIMOUSINES | Votre chauffeur priv\u00e9\",\"description\":\"\",\"publisher\":{\"@id\":\"https:\/\/www.heracleslimousines.fr\/#organization\"},\"potentialAction\":[{\"@type\":\"SearchAction\",\"target\":{\"@type\":\"EntryPoint\",\"urlTemplate\":\"https:\/\/www.heracleslimousines.fr\/?s={search_term_string}\"},\"query-input\":\"required name=search_term_string\"}],\"inLanguage\":\"en-US\"},{\"@type\":\"Organization\",\"@id\":\"https:\/\/www.heracleslimousines.fr\/#organization\",\"name\":\"Heracles Limousines\",\"url\":\"https:\/\/www.heracleslimousines.fr\/\",\"sameAs\":[],\"logo\":{\"@type\":\"ImageObject\",\"inLanguage\":\"en-US\",\"@id\":\"https:\/\/www.heracleslimousines.fr\/#\/schema\/logo\/image\/\",\"url\":\"https:\/\/www.heracleslimousines.fr\/wp-content\/uploads\/2020\/06\/Logo-Heracles-Limousines.png\",\"contentUrl\":\"https:\/\/www.heracleslimousines.fr\/wp-content\/uploads\/2020\/06\/Logo-Heracles-Limousines.png\",\"width\":210,\"height\":76,\"caption\":\"Heracles Limousines\"},\"image\":{\"@id\":\"https:\/\/www.heracleslimousines.fr\/#\/schema\/logo\/image\/\"}}]}<\/script>\n<!-- \/ Yoast SEO plugin. -->","yoast_head_json":{"title":"Contact - HERACLES LIMOUSINES | Votre chauffeur priv\u00e9","description":"CONTACT HERACLES LIMOUSINES - Nous vous r\u00e9pondrons sous un d\u00e9lai de 24h maximum. N\u2019h\u00e9sitez pas \u00e9galement \u00e0 nous contacter par t\u00e9l\u00e9phone.","robots":{"index":"index","follow":"follow","max-snippet":"max-snippet:-1","max-image-preview":"max-image-preview:large","max-video-preview":"max-video-preview:-1"},"canonical":"https:\/\/www.heracleslimousines.fr\/en\/contact-heracles-limousines\/","og_locale":"en_US","og_type":"article","og_title":"Contact - HERACLES LIMOUSINES | Votre chauffeur priv\u00e9","og_description":"CONTACT HERACLES LIMOUSINES - Nous vous r\u00e9pondrons sous un d\u00e9lai de 24h maximum. N\u2019h\u00e9sitez pas \u00e9galement \u00e0 nous contacter par t\u00e9l\u00e9phone.","og_url":"https:\/\/www.heracleslimousines.fr\/en\/contact-heracles-limousines\/","og_site_name":"HERACLES LIMOUSINES | Votre chauffeur priv\u00e9","article_modified_time":"2025-02-26T15:35:34+00:00","og_image":[{"url":"https:\/\/www.heracleslimousines.fr\/wp-content\/plugins\/wpforms\/assets\/images\/submit-spin.svg"}],"twitter_card":"summary_large_image","twitter_misc":{"Est. reading time":"2 minutes"},"schema":{"@context":"https:\/\/schema.org","@graph":[{"@type":"WebPage","@id":"https:\/\/www.heracleslimousines.fr\/contact-heracles-limousines\/","url":"https:\/\/www.heracleslimousines.fr\/contact-heracles-limousines\/","name":"Contact - HERACLES LIMOUSINES | Votre chauffeur priv\u00e9","isPartOf":{"@id":"https:\/\/www.heracleslimousines.fr\/#website"},"datePublished":"2021-09-19T15:40:25+00:00","dateModified":"2025-02-26T15:35:34+00:00","description":"CONTACT HERACLES LIMOUSINES - Nous vous r\u00e9pondrons sous un d\u00e9lai de 24h maximum. N\u2019h\u00e9sitez pas \u00e9galement \u00e0 nous contacter par t\u00e9l\u00e9phone.","breadcrumb":{"@id":"https:\/\/www.heracleslimousines.fr\/contact-heracles-limousines\/#breadcrumb"},"inLanguage":"en-US","potentialAction":[{"@type":"ReadAction","target":["https:\/\/www.heracleslimousines.fr\/contact-heracles-limousines\/"]}]},{"@type":"BreadcrumbList","@id":"https:\/\/www.heracleslimousines.fr\/contact-heracles-limousines\/#breadcrumb","itemListElement":[{"@type":"ListItem","position":1,"name":"Accueil","item":"https:\/\/www.heracleslimousines.fr\/"},{"@type":"ListItem","position":2,"name":"Contact"}]},{"@type":"WebSite","@id":"https:\/\/www.heracleslimousines.fr\/#website","url":"https:\/\/www.heracleslimousines.fr\/","name":"HERACLES LIMOUSINES | Votre chauffeur priv\u00e9","description":"","publisher":{"@id":"https:\/\/www.heracleslimousines.fr\/#organization"},"potentialAction":[{"@type":"SearchAction","target":{"@type":"EntryPoint","urlTemplate":"https:\/\/www.heracleslimousines.fr\/?s={search_term_string}"},"query-input":"required name=search_term_string"}],"inLanguage":"en-US"},{"@type":"Organization","@id":"https:\/\/www.heracleslimousines.fr\/#organization","name":"Heracles Limousines","url":"https:\/\/www.heracleslimousines.fr\/","sameAs":[],"logo":{"@type":"ImageObject","inLanguage":"en-US","@id":"https:\/\/www.heracleslimousines.fr\/#\/schema\/logo\/image\/","url":"https:\/\/www.heracleslimousines.fr\/wp-content\/uploads\/2020\/06\/Logo-Heracles-Limousines.png","contentUrl":"https:\/\/www.heracleslimousines.fr\/wp-content\/uploads\/2020\/06\/Logo-Heracles-Limousines.png","width":210,"height":76,"caption":"Heracles Limousines"},"image":{"@id":"https:\/\/www.heracleslimousines.fr\/#\/schema\/logo\/image\/"}}]}},"_links":{"self":[{"href":"https:\/\/www.heracleslimousines.fr\/en\/wp-json\/wp\/v2\/pages\/1136","targetHints":{"allow":["GET"]}}],"collection":[{"href":"https:\/\/www.heracleslimousines.fr\/en\/wp-json\/wp\/v2\/pages"}],"about":[{"href":"https:\/\/www.heracleslimousines.fr\/en\/wp-json\/wp\/v2\/types\/page"}],"author":[{"embeddable":true,"href":"https:\/\/www.heracleslimousines.fr\/en\/wp-json\/wp\/v2\/users\/1"}],"replies":[{"embeddable":true,"href":"https:\/\/www.heracleslimousines.fr\/en\/wp-json\/wp\/v2\/comments?post=1136"}],"version-history":[{"count":52,"href":"https:\/\/www.heracleslimousines.fr\/en\/wp-json\/wp\/v2\/pages\/1136\/revisions"}],"predecessor-version":[{"id":2997,"href":"https:\/\/www.heracleslimousines.fr\/en\/wp-json\/wp\/v2\/pages\/1136\/revisions\/2997"}],"wp:attachment":[{"href":"https:\/\/www.heracleslimousines.fr\/en\/wp-json\/wp\/v2\/media?parent=1136"}],"curies":[{"name":"wp","href":"https:\/\/api.w.org\/{rel}","templated":true}]}}